{"id":108,"date":"2017-08-03T10:41:43","date_gmt":"2017-08-03T10:41:43","guid":{"rendered":"https:\/\/cazadores.dev\/?page_id=108"},"modified":"2020-05-20T12:32:13","modified_gmt":"2020-05-20T12:32:13","slug":"tequila-anejo","status":"publish","type":"page","link":"https:\/\/www.cazadores.com\/mx\/es\/our-tequila\/tequila-anejo\/","title":{"rendered":"Tequila A\u00f1ejo"},"content":{"rendered":"","protected":false},"excerpt":{"rendered":"","protected":false},"author":36,"featured_media":0,"parent":17,"menu_order":0,"comment_status":"closed","ping_status":"closed","template":"","meta":{"_acf_changed":false,"footnotes":""},"class_list":["post-108","page","type-page","status-publish","hentry"],"acf":[],"yoast_head":"<!-- This site is optimized with the Yoast SEO plugin v26.0 - https:\/\/yoast.com\/wordpress\/plugins\/seo\/ -->\n<title>Cazadores Tequila A\u00f1ejo | Tequila Extra A\u00f1ejo | Cazadores\u00ae<\/title>\n<meta name=\"description\" content=\"El tequila Cazadores \u00ae A\u00f1ejo pasa por lo menos un a\u00f1o en barricas nuevas de roble americano, creando un l\u00edquido dorado con un acabado suave que convierte al tequila Cazadores \u00ae A\u00f1ejo en una bebida perfecta para disfrutarse sola.\" \/>\n<meta name=\"robots\" content=\"index, follow, max-snippet:-1, max-image-preview:large, max-video-preview:-1\" \/>\n<link rel=\"canonical\" href=\"https:\/\/www.cazadores.com\/mx\/es\/our-tequila\/tequila-anejo\/\" \/>\n<meta property=\"og:locale\" content=\"en_US\" \/>\n<meta property=\"og:type\" content=\"article\" \/>\n<meta property=\"og:title\" content=\"Cazadores Tequila A\u00f1ejo | Tequila Extra A\u00f1ejo | Cazadores\u00ae\" \/>\n<meta property=\"og:description\" content=\"El tequila Cazadores \u00ae A\u00f1ejo pasa por lo menos un a\u00f1o en barricas nuevas de roble americano, creando un l\u00edquido dorado con un acabado suave que convierte al tequila Cazadores \u00ae A\u00f1ejo en una bebida perfecta para disfrutarse sola.\" \/>\n<meta property=\"og:url\" content=\"https:\/\/www.cazadores.com\/mx\/es\/our-tequila\/tequila-anejo\/\" \/>\n<meta property=\"og:site_name\" content=\"Cazadores\u00ae\" \/>\n<meta property=\"article:modified_time\" content=\"2020-05-20T12:32:13+00:00\" \/>\n<meta name=\"twitter:card\" content=\"summary_large_image\" \/>\n<script type=\"application\/ld+json\" class=\"yoast-schema-graph\">{\"@context\":\"https:\/\/schema.org\",\"@graph\":[{\"@type\":\"WebPage\",\"@id\":\"https:\/\/www.cazadores.com\/mx\/es\/our-tequila\/tequila-anejo\/\",\"url\":\"https:\/\/www.cazadores.com\/mx\/es\/our-tequila\/tequila-anejo\/\",\"name\":\"Cazadores Tequila A\u00f1ejo | Tequila Extra A\u00f1ejo | Cazadores\u00ae\",\"isPartOf\":{\"@id\":\"https:\/\/www.cazadores.com\/mx\/es\/#website\"},\"datePublished\":\"2017-08-03T10:41:43+00:00\",\"dateModified\":\"2020-05-20T12:32:13+00:00\",\"description\":\"El tequila Cazadores \u00ae A\u00f1ejo pasa por lo menos un a\u00f1o en barricas nuevas de roble americano, creando un l\u00edquido dorado con un acabado suave que convierte al tequila Cazadores \u00ae A\u00f1ejo en una bebida perfecta para disfrutarse sola.\",\"breadcrumb\":{\"@id\":\"https:\/\/www.cazadores.com\/mx\/es\/our-tequila\/tequila-anejo\/#breadcrumb\"},\"inLanguage\":\"en-US\",\"potentialAction\":[{\"@type\":\"ReadAction\",\"target\":[\"https:\/\/www.cazadores.com\/mx\/es\/our-tequila\/tequila-anejo\/\"]}]},{\"@type\":\"BreadcrumbList\",\"@id\":\"https:\/\/www.cazadores.com\/mx\/es\/our-tequila\/tequila-anejo\/#breadcrumb\",\"itemListElement\":[{\"@type\":\"ListItem\",\"position\":1,\"name\":\"Home\",\"item\":\"https:\/\/www.cazadores.com\/mx\/es\/\"},{\"@type\":\"ListItem\",\"position\":2,\"name\":\"Nuestro Tequila\",\"item\":\"https:\/\/www.cazadores.com\/mx\/es\/our-tequila\/\"},{\"@type\":\"ListItem\",\"position\":3,\"name\":\"Tequila A\u00f1ejo\"}]},{\"@type\":\"WebSite\",\"@id\":\"https:\/\/www.cazadores.com\/mx\/es\/#website\",\"url\":\"https:\/\/www.cazadores.com\/mx\/es\/\",\"name\":\"Cazadores\u00ae\",\"description\":\"Cazadores\u00ae\",\"potentialAction\":[{\"@type\":\"SearchAction\",\"target\":{\"@type\":\"EntryPoint\",\"urlTemplate\":\"https:\/\/www.cazadores.com\/mx\/es\/?s={search_term_string}\"},\"query-input\":{\"@type\":\"PropertyValueSpecification\",\"valueRequired\":true,\"valueName\":\"search_term_string\"}}],\"inLanguage\":\"en-US\"}]}<\/script>\n<!-- \/ Yoast SEO plugin. -->","yoast_head_json":{"title":"Cazadores Tequila A\u00f1ejo | Tequila Extra A\u00f1ejo | Cazadores\u00ae","description":"El tequila Cazadores \u00ae A\u00f1ejo pasa por lo menos un a\u00f1o en barricas nuevas de roble americano, creando un l\u00edquido dorado con un acabado suave que convierte al tequila Cazadores \u00ae A\u00f1ejo en una bebida perfecta para disfrutarse sola.","robots":{"index":"index","follow":"follow","max-snippet":"max-snippet:-1","max-image-preview":"max-image-preview:large","max-video-preview":"max-video-preview:-1"},"canonical":"https:\/\/www.cazadores.com\/mx\/es\/our-tequila\/tequila-anejo\/","og_locale":"en_US","og_type":"article","og_title":"Cazadores Tequila A\u00f1ejo | Tequila Extra A\u00f1ejo | Cazadores\u00ae","og_description":"El tequila Cazadores \u00ae A\u00f1ejo pasa por lo menos un a\u00f1o en barricas nuevas de roble americano, creando un l\u00edquido dorado con un acabado suave que convierte al tequila Cazadores \u00ae A\u00f1ejo en una bebida perfecta para disfrutarse sola.","og_url":"https:\/\/www.cazadores.com\/mx\/es\/our-tequila\/tequila-anejo\/","og_site_name":"Cazadores\u00ae","article_modified_time":"2020-05-20T12:32:13+00:00","twitter_card":"summary_large_image","schema":{"@context":"https:\/\/schema.org","@graph":[{"@type":"WebPage","@id":"https:\/\/www.cazadores.com\/mx\/es\/our-tequila\/tequila-anejo\/","url":"https:\/\/www.cazadores.com\/mx\/es\/our-tequila\/tequila-anejo\/","name":"Cazadores Tequila A\u00f1ejo | Tequila Extra A\u00f1ejo | Cazadores\u00ae","isPartOf":{"@id":"https:\/\/www.cazadores.com\/mx\/es\/#website"},"datePublished":"2017-08-03T10:41:43+00:00","dateModified":"2020-05-20T12:32:13+00:00","description":"El tequila Cazadores \u00ae A\u00f1ejo pasa por lo menos un a\u00f1o en barricas nuevas de roble americano, creando un l\u00edquido dorado con un acabado suave que convierte al tequila Cazadores \u00ae A\u00f1ejo en una bebida perfecta para disfrutarse sola.","breadcrumb":{"@id":"https:\/\/www.cazadores.com\/mx\/es\/our-tequila\/tequila-anejo\/#breadcrumb"},"inLanguage":"en-US","potentialAction":[{"@type":"ReadAction","target":["https:\/\/www.cazadores.com\/mx\/es\/our-tequila\/tequila-anejo\/"]}]},{"@type":"BreadcrumbList","@id":"https:\/\/www.cazadores.com\/mx\/es\/our-tequila\/tequila-anejo\/#breadcrumb","itemListElement":[{"@type":"ListItem","position":1,"name":"Home","item":"https:\/\/www.cazadores.com\/mx\/es\/"},{"@type":"ListItem","position":2,"name":"Nuestro Tequila","item":"https:\/\/www.cazadores.com\/mx\/es\/our-tequila\/"},{"@type":"ListItem","position":3,"name":"Tequila A\u00f1ejo"}]},{"@type":"WebSite","@id":"https:\/\/www.cazadores.com\/mx\/es\/#website","url":"https:\/\/www.cazadores.com\/mx\/es\/","name":"Cazadores\u00ae","description":"Cazadores\u00ae","potentialAction":[{"@type":"SearchAction","target":{"@type":"EntryPoint","urlTemplate":"https:\/\/www.cazadores.com\/mx\/es\/?s={search_term_string}"},"query-input":{"@type":"PropertyValueSpecification","valueRequired":true,"valueName":"search_term_string"}}],"inLanguage":"en-US"}]}},"_links":{"self":[{"href":"https:\/\/www.cazadores.com\/mx\/es\/wp-json\/wp\/v2\/pages\/108","targetHints":{"allow":["GET"]}}],"collection":[{"href":"https:\/\/www.cazadores.com\/mx\/es\/wp-json\/wp\/v2\/pages"}],"about":[{"href":"https:\/\/www.cazadores.com\/mx\/es\/wp-json\/wp\/v2\/types\/page"}],"author":[{"embeddable":true,"href":"https:\/\/www.cazadores.com\/mx\/es\/wp-json\/wp\/v2\/users\/36"}],"replies":[{"embeddable":true,"href":"https:\/\/www.cazadores.com\/mx\/es\/wp-json\/wp\/v2\/comments?post=108"}],"version-history":[{"count":0,"href":"https:\/\/www.cazadores.com\/mx\/es\/wp-json\/wp\/v2\/pages\/108\/revisions"}],"up":[{"embeddable":true,"href":"https:\/\/www.cazadores.com\/mx\/es\/wp-json\/wp\/v2\/pages\/17"}],"wp:attachment":[{"href":"https:\/\/www.cazadores.com\/mx\/es\/wp-json\/wp\/v2\/media?parent=108"}],"curies":[{"name":"wp","href":"https:\/\/api.w.org\/{rel}","templated":true}]}}